{"id":1102,"date":"2024-04-24T23:23:50","date_gmt":"2024-04-24T23:23:50","guid":{"rendered":"https:\/\/www.makelmarbella.com\/startseite\/"},"modified":"2024-04-24T23:23:50","modified_gmt":"2024-04-24T23:23:50","slug":"startseite","status":"publish","type":"page","link":"https:\/\/www.makelmarbella.com\/de\/","title":{"rendered":"Startseite"},"content":{"rendered":"<div class=\"section_heading_title\">\n<h1>Unsere Dienstleistungen<\/h1>\n<div class=\"pagetitle-separator\">\n<div class=\"pagetitle-separator-border\">\n<div class=\"pagetitle-separator-box\"><\/div>\n<\/p><\/div>\n<\/p><\/div>\n<p>Pers\u00f6nliche Betreuung und Schadenmanagement.<\/p>\n<\/p><\/div>\n<\/p><\/div>\n<div class=\"row\">\n<div class=\"col-md-6 col-sm-6 service-effect\">\n<div class=\"service-box\">\n\t\t\t\t<img decoding=\"async\" class=\"img-responsive service-box-image\" src=\"http:\/\/www.makelmarbella.com\/wp-content\/uploads\/2016\/11\/destacado1.jpg\">\n\t\t\t<\/div>\n<div class=\"service-area\">\n<h2><a href=\"#\">Individuelle Versicherung<\/a><\/h2>\n<p>Automobile (Autos, High-End-Fahrzeuge, Lieferwagen, Motorr\u00e4der, Lastwagen usw.) \u2013 Zuhause \u2013 Gro\u00dfe Verm\u00f6genswerte (Kunstwerke, Schmuck usw.) \u2013 Gesch\u00e4fte \u2013 Eigent\u00fcmergemeinschaften \u2013 Sportboote \u2013 Yachten \u2013 Gesundheit \u2013 Unf\u00e4lle \u2013 Leben &#8211; Sparpl\u00e4ne, Altersvorsorge &#8211; Altersvorsorge &#8211; Investitionen &#8211; Hilfeleistungen &#8211; etc.<\/p>\n<\/p><\/div>\n<p><!-- \/ service-area -->\n\t\t<\/div>\n<p> <!-- \/ service-effect column --><\/p>\n<div class=\"col-md-6 col-sm-6 service-effect\">\n<div class=\"service-box\">\n\t\t\t\t<img decoding=\"async\" class=\"img-responsive service-box-image\" src=\"http:\/\/www.makelmarbella.com\/wp-content\/uploads\/2016\/11\/destacado2.jpg\">\n\t\t\t<\/div>\n<div class=\"service-area\">\n<h2><a href=\"#\">Unternehmensversicherung<\/a><\/h2>\n<p>Fahrzeugflotten (Pkw, Lkw, Mietfahrzeuge) \u2013 KMU (Multi-Risk- und All-Risk-Unternehmen) \u2013 G\u00fctertransport \u2013 Haftpflicht \u2013 Kollektive Unf\u00e4lle \u2013 usw.<\/p>\n<\/p><\/div>\n<p><!-- \/ service-area -->\n\t\t<\/div>\n<p> <!-- \/ service-effect column --><\/p>\n<p>\t\t <!-- \/ service-effect column --><\/p><\/div>\n<p>\t<\/br><\/p>\n<div class=\"section_heading_title\">\n<h1>Unsere Versicherung<\/h1>\n<div class=\"pagetitle-separator\">\n<div class=\"pagetitle-separator-border\">\n<div class=\"pagetitle-separator-box\"><\/div>\n<\/p><\/div>\n<\/p><\/div>\n<p>Wir sind Spezialisten f\u00fcr die Versicherung von:<\/p>\n<\/p><\/div>\n<\/p><\/div>\n<div class=\"row\">\n<div class=\"col-md-3 col-md-6 home-portfolio-area\">\n<div class=\"home-portfolio-showcase\">\n<div class=\"home-portfolio-showcase-media\">\n<p>\t\t\t\t\t\t<img decoding=\"async\" class=\"img-responsive home-portfolio-img\" src=\"https:\/\/www.makelmarbella.com\/wp-content\/themes\/makel\/images\/portfolio1.jpg\"><\/p>\n<div class=\"home-portfolio-showcase-overlay\">\n<div class=\"home-portfolio-showcase-overlay-inner\">\n<div class=\"home-portfolio-showcase-detail\">\n<h4>Hausratsversicherung<\/h4>\n<p>Finden Sie die ideale L\u00f6sung f\u00fcr Ihre Hausratversicherung.<\/p>\n<\/p><\/div>\n<\/p><\/div>\n<\/p><\/div>\n<\/p><\/div>\n<\/p><\/div>\n<\/p><\/div>\n<div class=\"col-md-3 col-md-6 home-portfolio-area\">\n<div class=\"home-portfolio-showcase\">\n<div class=\"home-portfolio-showcase-media\">\n<p>\t\t\t\t\t\t<img decoding=\"async\" class=\"img-responsive home-portfolio-img\" src=\"http:\/\/www.makelmarbella.com\/wp-content\/uploads\/2020\/11\/portfolio2_2020.jpg\"><\/p>\n<div class=\"home-portfolio-showcase-overlay\">\n<div class=\"home-portfolio-showcase-overlay-inner\">\n<div class=\"home-portfolio-showcase-detail\">\n<h4>Gro\u00dfes Erbe<\/h4>\n<p>Versichern Sie Ihren Schmuck und Ihre Kunstwerke mit der besten Deckung.<\/p>\n<\/p><\/div>\n<\/p><\/div>\n<\/p><\/div>\n<\/p><\/div>\n<\/p><\/div>\n<\/p><\/div>\n<div class=\"col-md-3 col-md-6 home-portfolio-area\">\n<div class=\"home-portfolio-showcase\">\n<div class=\"home-portfolio-showcase-media\">\n<p>\t\t\t\t\t\t<img decoding=\"async\" class=\"img-responsive home-portfolio-img\" src=\"https:\/\/www.makelmarbella.com\/wp-content\/themes\/makel\/images\/portfolio3.jpg\"><\/p>\n<div class=\"home-portfolio-showcase-overlay\">\n<div class=\"home-portfolio-showcase-overlay-inner\">\n<div class=\"home-portfolio-showcase-detail\">\n<h4>Krankenversicherung<\/h4>\n<p>Wir bieten alles von der Krankenversicherung bis zur Versicherung mit weltweiter Deckung und Kostenerstattung.<\/p>\n<\/p><\/div>\n<\/p><\/div>\n<\/p><\/div>\n<\/p><\/div>\n<\/p><\/div>\n<\/p><\/div>\n<div class=\"col-md-3 col-md-6 home-portfolio-area\">\n<div class=\"home-portfolio-showcase\">\n<div class=\"home-portfolio-showcase-media\">\n<p>\t\t\t\t\t\t<img decoding=\"async\" class=\"img-responsive home-portfolio-img\" src=\"https:\/\/www.makelmarbella.com\/wp-content\/themes\/makel\/images\/portfolio4.jpg\"><\/p>\n<div class=\"home-portfolio-showcase-overlay\">\n<div class=\"home-portfolio-showcase-overlay-inner\">\n<div class=\"home-portfolio-showcase-detail\">\n<h4>AutomovilKfz-Versicherung<\/h4>\n<p>Ma\u00dfgeschneiderte L\u00f6sungen basierend auf Ihren Bed\u00fcrfnissen.<\/p>\n<\/p><\/div>\n<\/p><\/div>\n<\/p><\/div>\n<\/p><\/div>\n<\/p><\/div>\n<\/p><\/div>\n","protected":false},"excerpt":{"rendered":"<p>Unsere Dienstleistungen Pers\u00f6nliche Betreuung und Schadenmanagement. Individuelle Versicherung Automobile (Autos, High-End-Fahrzeuge, Lieferwagen, Motorr\u00e4der, Lastwagen usw.) \u2013 Zuhause \u2013 Gro\u00dfe Verm\u00f6genswerte (Kunstwerke, Schmuck usw.) \u2013 Gesch\u00e4fte \u2013 Eigent\u00fcmergemeinschaften \u2013 Sportboote \u2013 Yachten \u2013 Gesundheit \u2013 Unf\u00e4lle \u2013 Leben &#8211; Sparpl\u00e4ne, Altersvorsorge &#8211; Altersvorsorge &#8211; Investitionen &#8211; Hilfeleistungen &#8211; etc. Unternehmensversicherung Fahrzeugflotten (Pkw, Lkw, Mietfahrzeuge) \u2013 KMU [&hellip;]<\/p>\n","protected":false},"author":1,"featured_media":0,"parent":0,"menu_order":0,"comment_status":"closed","ping_status":"closed","template":"single5.php","meta":{"footnotes":""},"class_list":["post-1102","page","type-page","status-publish","hentry"],"_links":{"self":[{"href":"https:\/\/www.makelmarbella.com\/de\/wp-json\/wp\/v2\/pages\/1102","targetHints":{"allow":["GET"]}}],"collection":[{"href":"https:\/\/www.makelmarbella.com\/de\/wp-json\/wp\/v2\/pages"}],"about":[{"href":"https:\/\/www.makelmarbella.com\/de\/wp-json\/wp\/v2\/types\/page"}],"author":[{"embeddable":true,"href":"https:\/\/www.makelmarbella.com\/de\/wp-json\/wp\/v2\/users\/1"}],"replies":[{"embeddable":true,"href":"https:\/\/www.makelmarbella.com\/de\/wp-json\/wp\/v2\/comments?post=1102"}],"version-history":[{"count":0,"href":"https:\/\/www.makelmarbella.com\/de\/wp-json\/wp\/v2\/pages\/1102\/revisions"}],"wp:attachment":[{"href":"https:\/\/www.makelmarbella.com\/de\/wp-json\/wp\/v2\/media?parent=1102"}],"curies":[{"name":"wp","href":"https:\/\/api.w.org\/{rel}","templated":true}]}}