{"id":1225,"date":"2019-03-27T10:20:59","date_gmt":"2019-03-27T10:20:59","guid":{"rendered":"https:\/\/www.makelmarbella.com\/datenschutzerklaerung\/"},"modified":"2026-02-11T10:50:32","modified_gmt":"2026-02-11T10:50:32","slug":"datenschutzerklaerung","status":"publish","type":"page","link":"https:\/\/www.makelmarbella.com\/de\/datenschutzerklaerung\/","title":{"rendered":"Datenschutzerkl\u00e4rung"},"content":{"rendered":"<div class=\"aviso\">\n<p><strong>RECHTLICHER HINWEIS WEBSITE LOPD.<\/strong><\/p>\n<p><strong>DATENSCHUTZERKL\u00c4RUNG.<\/strong><\/p>\n<p>Diese Datenschutzerkl\u00e4rung legt fest, wie personenbezogene Daten auf dieser Website verarbeitet werden. Es ist unerl\u00e4sslich, dass Sie diese lesen und akzeptieren, bevor Sie weiter surfen. <\/p>\n<p><a href=\"http:\/\/www.makelmarbella.com\/\">http:\/\/www.makelmarbella.com\/<\/a> Es handelt sich um ein Projekt von MAKEL MARBELLA CORREDURIA DE SEGUROS, S.L. mit der Steuernummer: B92259019.<\/p>\n<p>Diese Datenschutzerkl\u00e4rung wurde zuletzt im Mai 2018 aktualisiert.<\/p>\n<p>Wir hei\u00dfen Sie auf dieser Website herzlich willkommen und freuen uns, dass Sie weiterlesen.<\/p>\n<p>Diese Website verpflichtet sich dauerhaft zum Schutz der Daten von Abonnenten, Kontakten und Kunden und garantiert die Einhaltung bew\u00e4hrter Verfahren bei der Verwendung personenbezogener Daten.<\/p>\n<p>MAKEL MARBELLA CORREDURIA DE SEGUROS, S.L. lehnt den Versand unerw\u00fcnschter E-Mails (Spam) ab und unternimmt alle Anstrengungen, um den Missbrauch von E-Mails zu verhindern.<\/p>\n<p>Die auf dieser Website erhobenen Daten der betroffenen Personen werden unter keinen Umst\u00e4nden weitergegeben oder an Dritte weitergeleitet, es sei denn, es liegt eine ausdr\u00fcckliche vorherige Zustimmung dazu vor.<\/p>\n<p>Die Plattform kann Links zu Websites Dritter enthalten. In diesem Fall \u00fcbernehmen wir keinerlei Verantwortung f\u00fcr die Datenschutzpraktiken oder den Inhalt dieser Websites. Daher sollten Sie die Datenschutzrichtlinien jeder Website sorgf\u00e4ltig lesen, bevor Sie die Bedingungen akzeptieren und die Website nutzen.  <\/p>\n<p>MAKEL MARBELLA CORREDURIA DE SEGUROS, S.L. mit der Steuernummer: B92259019 ist Inhaber einer Datei mit personenbezogenen Daten unter dem Namen USUARIOS DE LA WEB (NUTZER DER WEBSITE), in der die Daten der Nutzer gespeichert und verarbeitet werden, um Anfragen zu beantworten, die \u00fcber das Kontaktformular angeforderten Dienstleistungen zu erbringen, die vom Nutzer beauftragte Leistung auszuf\u00fchren und deren Abrechnung und Zahlung vorzunehmen, den Registrierungsprozess des Nutzers auf dem Portal zu verwalten und Kommentare zu moderieren.<\/p>\n<p><strong>TRANSPARENZ<\/strong><\/p>\n<p>Gem\u00e4\u00df den Bestimmungen der VERORDNUNG 2016\/679 vom 27. April 2016 zum Schutz nat\u00fcrlicher Personen bei der Verarbeitung personenbezogener Daten werden die Daten des Verantwortlichen dieser Website klar und transparent mitgeteilt:<\/p>\n<ul>\n<li><span style=\"color: #ffffff;\">Ihr Webprojekt ist <span style=\"color: #ff9900;\"><a style=\"color: #ff9900;\" href=\"http:\/\/www.makelmarbella.com\/\">http:\/\/www.makelmarbella.com\/<\/a><\/span><\/span><\/li>\n<li><span style=\"color: #ffffff;\">Der Handelsname lautet MAKEL MARBELLA CORREDURIA DE SEGUROS, S.L.<\/span><\/li>\n<li><span style=\"color: #ffffff;\">Der Firmenname lautet MAKEL MARBELLA CORREDURIA DE SEGUROS, S.L.<\/span><\/li>\n<li><span style=\"color: #ffffff;\">Seine Steuernummer lautet B92259019.<\/span><\/li>\n<li><span style=\"color: #ffffff;\">Ihre Anschrift lautet C\/ ALONSO DE BAZAN, Nr. 8 1\u00ba 5, PLZ 29602, MARBELLA, MALAGA.<\/span><\/li>\n<\/ul>\n<p>&nbsp;<\/p>\n<p><span style=\"color: #ffffff;\"><strong>\u00dcBERMITTLUNG UND REGISTRIERUNG PERSONENBEZOGENER DATEN<\/strong><\/span><\/p>\n<p><span style=\"color: #ffffff;\">Die \u00dcbermittlung personenbezogener Daten ist f\u00fcr die Kontaktaufnahme und die Durchf\u00fchrung von Gesch\u00e4ften mit MAKEL MARBELLA CORREDURIA DE SEGUROS, S.L. zwingend erforderlich. Wenn Sie die angeforderten personenbezogenen Daten nicht angeben oder diese Datenschutzerkl\u00e4rung nicht akzeptieren, ist es nicht m\u00f6glich, sich anzumelden und die auf dieser Website gestellten Anfragen zu bearbeiten. <\/span><\/p>\n<p><span style=\"color: #ffffff;\">Die F\u00e4lle, in denen diese Website personenbezogene Daten ben\u00f6tigt, sind:<\/span><\/p>\n<ul>\n<li><span style=\"color: #ffffff;\">Beantwortung von Anfragen oder Vorschl\u00e4gen \u00fcber das Webformular oder das Anmeldeformular.<\/span><\/li>\n<li><span style=\"color: #ffffff;\">Kostenvoranschlag anfordern.<\/span><\/li>\n<\/ul>\n<p><span style=\"color: #ffffff;\">Die Daten dieser Datei werden in den Datenbanken der Verwaltungsanwendung von MAKEL MARBELLA CORREDURIA DE SEGUROS, S.L. gespeichert, die aus verschiedenen Dateien bestehen, in denen alle Daten dieser logischen Datei erfasst werden. Diese Datenbanken befinden sich in der Regel auf den Computern des Unternehmens, k\u00f6nnen aber auch in physischer Form (auf Papier) archiviert werden. <\/span><\/p>\n<p><span style=\"color: #ffffff;\">Die wichtigsten Felder dieser Datei sind:<\/span><\/p>\n<table>\n<tbody>\n<p><span style=\"color: #ffffff;\"><\/p>\n<tr>\n<td width=\"432\">NAME<\/td>\n<\/tr>\n<p><\/span><\/p>\n<tr>\n<td width=\"432\"><span style=\"color: #ffffff;\">EMAIL<\/span><\/td>\n<\/tr>\n<\/tbody>\n<\/table>\n<p>&nbsp;<\/p>\n<p><span style=\"color: #ffffff;\">Personenbezogene Daten werden wie folgt verwendet:<\/span><\/p>\n<ul>\n<li><span style=\"color: #ffffff;\">Beantwortung von Anfragen oder Vorschl\u00e4gen \u00fcber das Webformular oder das Anmeldeformular.<\/span><\/li>\n<li><span style=\"color: #ffffff;\">Kostenvoranschlag anfordern.<\/span><\/li>\n<\/ul>\n<p><span style=\"color: #ffffff;\">Die Daten dieser Datei werden in den Datenbanken der Verwaltungsanwendung von MAKEL MARBELLA CORREDURIA DE SEGUROS, S.L. gespeichert, die aus verschiedenen Dateien bestehen, in denen alle Daten dieser logischen Datei erfasst werden. Diese Datenbanken befinden sich in der Regel auf den Computern des Unternehmens, k\u00f6nnen aber auch in physischer Form (auf Papier) archiviert werden. <\/span><\/p>\n<p><span style=\"color: #ffffff;\">Die wichtigsten Felder dieser Datei sind:<\/span><\/p>\n<table>\n<tbody>\n<tr>\n<span style=\"color: #ffffff;\"><\/span><\/p>\n<td width=\"432\">NAME<\/td>\n<\/tr>\n<tr>\n<td width=\"432\"><span style=\"color: #ffffff;\">EMAIL<\/span><\/td>\n<\/tr>\n<\/tbody>\n<\/table>\n<p>&nbsp;<\/p>\n<p><span style=\"color: #ffffff;\">In jedem Fall haben Sie als Nutzer die vollen Rechte \u00fcber Ihre personenbezogenen Daten und deren Verwendung und k\u00f6nnen diese jederzeit aus\u00fcben.<\/span><\/p>\n<p><span style=\"color: #ffffff;\">Ab dem Zeitpunkt Ihrer Anmeldung hat MAKEL MARBELLA CORREDURIA DE SEGUROS, S.L. Zugriff auf: Benutzername und E-Mail-Adresse unter dem Namen \u201eWEB-BENUTZER\u201d.<\/span><\/p>\n<p><span style=\"color: #ffffff;\">Der Nutzer garantiert, dass die in den verschiedenen Formularen angegebenen personenbezogenen Daten wahrheitsgem\u00e4\u00df sind, und ist verpflichtet, jede \u00c4nderung dieser Daten mitzuteilen. Ebenso garantiert der Nutzer, dass alle bereitgestellten Informationen seiner tats\u00e4chlichen Situation entsprechen, aktuell und korrekt sind. Dar\u00fcber hinaus verpflichtet sich der Nutzer, seine Daten jederzeit auf dem neuesten Stand zu halten, wobei er allein f\u00fcr die Ungenauigkeit oder Falschheit der angegebenen Daten und f\u00fcr die Sch\u00e4den verantwortlich ist, die dadurch MAKEL MARBELLA CORREDURIA DE SEGUROS, S.L. als Eigent\u00fcmer der Website <a style=\"color: #ff9900;\" href=\"http:\/\/www.makelmarbella.com\/\">http:\/\/www.makelmarbella.com\/<\/a> oder Dritten durch die Verwendung dieser Daten entstehen k\u00f6nnen.<\/span><\/p>\n<p><span style=\"color: #ffffff;\"><strong>AUS\u00dcBUNG DER RECHTE AUF VERGESSENSEIN, EINSCHR\u00c4NKUNG, \u00dcBERTRAGBARKEIT, ZUGRIFF, BERICHTIGUNG, L\u00d6SCHUNG ODER WIDERSPRUCH<\/strong><\/span><\/p>\n<p><span style=\"color: #ffffff;\">Der Nutzer kann seine Mitteilungen richten und seine Rechte gem\u00e4\u00df den Formalit\u00e4ten aus\u00fcben, die durch die neue Datenschutzverordnung, VERORDNUNG 2016\/679 vom 27. April 2016 zum Schutz nat\u00fcrlicher Personen bei der Verarbeitung personenbezogener Daten, vorgeschrieben sind.<\/span><\/p>\n<p><span style=\"color: #ffffff;\">Sie k\u00f6nnen Ihre Rechte auf Vergessenwerden, \u00dcbertragbarkeit, Einschr\u00e4nkung, Zugang und Berichtigung durch einen schriftlichen und unterschriebenen Antrag aus\u00fcben, der folgende Angaben enth\u00e4lt: Vor- und Nachname, Anschrift f\u00fcr Mitteilungen, zusammen mit einem rechtsg\u00fcltigen Nachweis, wie z. B. einer Kopie des Personalausweises oder eines gleichwertigen Dokuments, und dem konkreten Antrag. Das Schreiben ist an MAKEL MARBELLA CORREDURIA DE SEGUROS, S.L. mit Sitz in Alonso de Baz\u00e1n, Nr. 8, 1. Stock, B\u00fcro 5, PLZ 29602, Marbella, M\u00e1laga, E-Mail: info@makelmarbella.com zu richten.<\/span><\/p>\n<p><span style=\"color: #ffffff;\"><strong>ANNAHME UND ZUSTIMMUNG<\/strong><\/span><\/p>\n<p><span style=\"color: #ffffff;\">Der Nutzer erkl\u00e4rt, \u00fcber die Bedingungen zum Schutz personenbezogener Daten informiert worden zu sein und akzeptiert und stimmt der Verarbeitung dieser Daten durch MAKEL MARBELLA CORREDURIA DE SEGUROS, S.L. in der in dieser Datenschutzerkl\u00e4rung angegebenen Form und zu den darin genannten Zwecken zu.<\/span><\/p>\n<p>&nbsp;<\/p>\n<\/div>\n","protected":false},"excerpt":{"rendered":"<p>RECHTLICHER HINWEIS WEBSITE LOPD. DATENSCHUTZERKL\u00c4RUNG. Diese Datenschutzerkl\u00e4rung legt fest, wie personenbezogene Daten auf dieser Website verarbeitet werden. Es ist unerl\u00e4sslich, dass Sie diese lesen und akzeptieren, bevor Sie weiter surfen. http:\/\/www.makelmarbella.com\/ Es handelt sich um ein Projekt von MAKEL MARBELLA CORREDURIA DE SEGUROS, S.L. mit der Steuernummer: B92259019. Diese Datenschutzerkl\u00e4rung wurde zuletzt im Mai 2018 [&hellip;]<\/p>\n","protected":false},"author":1,"featured_media":0,"parent":0,"menu_order":0,"comment_status":"closed","ping_status":"closed","template":"single4.php","meta":{"footnotes":""},"class_list":["post-1225","page","type-page","status-publish","hentry"],"_links":{"self":[{"href":"https:\/\/www.makelmarbella.com\/de\/wp-json\/wp\/v2\/pages\/1225","targetHints":{"allow":["GET"]}}],"collection":[{"href":"https:\/\/www.makelmarbella.com\/de\/wp-json\/wp\/v2\/pages"}],"about":[{"href":"https:\/\/www.makelmarbella.com\/de\/wp-json\/wp\/v2\/types\/page"}],"author":[{"embeddable":true,"href":"https:\/\/www.makelmarbella.com\/de\/wp-json\/wp\/v2\/users\/1"}],"replies":[{"embeddable":true,"href":"https:\/\/www.makelmarbella.com\/de\/wp-json\/wp\/v2\/comments?post=1225"}],"version-history":[{"count":2,"href":"https:\/\/www.makelmarbella.com\/de\/wp-json\/wp\/v2\/pages\/1225\/revisions"}],"predecessor-version":[{"id":1227,"href":"https:\/\/www.makelmarbella.com\/de\/wp-json\/wp\/v2\/pages\/1225\/revisions\/1227"}],"wp:attachment":[{"href":"https:\/\/www.makelmarbella.com\/de\/wp-json\/wp\/v2\/media?parent=1225"}],"curies":[{"name":"wp","href":"https:\/\/api.w.org\/{rel}","templated":true}]}}