{"id":974,"date":"2016-11-02T11:44:06","date_gmt":"2016-11-02T11:44:06","guid":{"rendered":"https:\/\/www.makelmarbella.com\/ueber-uns\/"},"modified":"2024-04-10T13:38:45","modified_gmt":"2024-04-10T13:38:45","slug":"ueber-uns","status":"publish","type":"page","link":"https:\/\/www.makelmarbella.com\/de\/ueber-uns\/","title":{"rendered":"\u00dcber uns"},"content":{"rendered":"<div class=\"noso\">\n<p>Makel Marbella Insurance Brokerage ist ein Familienmakler mit Sitz in Marbella und mehr als 20 Jahren Erfahrung in der Branche. Es entstand aus der engen Zusammenarbeit mit Rosillo Hermanos Corredur\u00eda de Seguros, mit dem es seit 1995 aktiv zusammenarbeitet.<\/p>\n<p>In unserer Maklert\u00e4tigkeit sind wir auf das Privatgesch\u00e4ft (Fahrzeuge, H\u00e4user, Unternehmen, Eigent\u00fcmergemeinschaften, Gesundheit, Unf\u00e4lle, Sportboote, Leben, Assistance usw.) spezialisiert und legen dabei den Schwerpunkt auf Versicherungen f\u00fcr gro\u00dfe Verm\u00f6genswerte, Kunst, Schmuck und hochwertige Fahrzeuge .<\/p>\n<p>Wir bieten auch Versicherungen f\u00fcr KMU, Haftpflicht, G\u00fctertransport, Fahrzeugflotten, Kollektivunf\u00e4lle usw. an.<\/p>\n<p>Wir arbeiten nur mit den besten Unternehmen der Branche zusammen, die unseren Kunden Qualit\u00e4tsprodukte und hohe Qualit\u00e4t im Schadenmanagement bieten k\u00f6nnen.<\/p>\n<p>Auf dieser Website finden Sie grundlegende Informationen \u00fcber unser Unternehmen. Wir laden Sie daher ein, uns anzurufen, damit Sie uns direkt alles fragen k\u00f6nnen, was Sie m\u00f6chten.<\/p>\n<\/div>\n","protected":false},"excerpt":{"rendered":"<p>Makel Marbella Insurance Brokerage ist ein Familienmakler mit Sitz in Marbella und mehr als 20 Jahren Erfahrung in der Branche. Es entstand aus der engen Zusammenarbeit mit Rosillo Hermanos Corredur\u00eda de Seguros, mit dem es seit 1995 aktiv zusammenarbeitet. In unserer Maklert\u00e4tigkeit sind wir auf das Privatgesch\u00e4ft (Fahrzeuge, H\u00e4user, Unternehmen, Eigent\u00fcmergemeinschaften, Gesundheit, Unf\u00e4lle, Sportboote, Leben, [&hellip;]<\/p>\n","protected":false},"author":1,"featured_media":0,"parent":0,"menu_order":0,"comment_status":"closed","ping_status":"closed","template":"single2.php","meta":{"footnotes":""},"class_list":["post-974","page","type-page","status-publish","hentry"],"_links":{"self":[{"href":"https:\/\/www.makelmarbella.com\/de\/wp-json\/wp\/v2\/pages\/974","targetHints":{"allow":["GET"]}}],"collection":[{"href":"https:\/\/www.makelmarbella.com\/de\/wp-json\/wp\/v2\/pages"}],"about":[{"href":"https:\/\/www.makelmarbella.com\/de\/wp-json\/wp\/v2\/types\/page"}],"author":[{"embeddable":true,"href":"https:\/\/www.makelmarbella.com\/de\/wp-json\/wp\/v2\/users\/1"}],"replies":[{"embeddable":true,"href":"https:\/\/www.makelmarbella.com\/de\/wp-json\/wp\/v2\/comments?post=974"}],"version-history":[{"count":1,"href":"https:\/\/www.makelmarbella.com\/de\/wp-json\/wp\/v2\/pages\/974\/revisions"}],"predecessor-version":[{"id":975,"href":"https:\/\/www.makelmarbella.com\/de\/wp-json\/wp\/v2\/pages\/974\/revisions\/975"}],"wp:attachment":[{"href":"https:\/\/www.makelmarbella.com\/de\/wp-json\/wp\/v2\/media?parent=974"}],"curies":[{"name":"wp","href":"https:\/\/api.w.org\/{rel}","templated":true}]}}