{"id":976,"date":"2016-11-02T11:49:06","date_gmt":"2016-11-02T11:49:06","guid":{"rendered":"https:\/\/www.makelmarbella.com\/kontakt\/"},"modified":"2026-02-10T12:37:32","modified_gmt":"2026-02-10T12:37:32","slug":"kontakt","status":"publish","type":"page","link":"https:\/\/www.makelmarbella.com\/de\/kontakt\/","title":{"rendered":"Kontakt"},"content":{"rendered":"<div class=\"square1\">\n<div class=\"col-md-6\">\n<p>ZEITPLAN:<\/p>\n<p>Vormittags: 9:00 bis 14:00 Uhr und 15:00 bis 17:00 Uhr<\/p>\n<p>F\u00fcr Besuche in Privath\u00e4usern, Einrichtungen, KMU usw. vereinbaren Sie bitte telefonisch einen Termin.<\/p>\n<p><i class=\"fa fa-map-marker\"><\/i>c\/Alonso de Baz\u00e1n 8, piso 1\u00ba oficina 5. Edif. Diplom\u00e1tico.C.P.: 29602.- Marbella, M\u00e1laga.<\/p>\n<p><i class=\"fa fa-phone\"><\/i>  (+34) 952 77 21 08<\/p>\n<p><i class=\"fa fa-envelope\"><\/i> info@makelmarbella.com<\/p>\n<\/div>\n<\/div>\n<div class=\"col-md-6\">\n<div class=\"\" square2=\"\">\n<div class=\"wpcf7 no-js\" id=\"wpcf7-f1224-o1\" lang=\"de-DE\" dir=\"ltr\" data-wpcf7-id=\"1224\">\n<div class=\"screen-reader-response\"><p role=\"status\" aria-live=\"polite\" aria-atomic=\"true\"><\/p> <ul><\/ul><\/div>\n<form action=\"\/de\/wp-json\/wp\/v2\/pages\/976#wpcf7-f1224-o1\" method=\"post\" class=\"wpcf7-form init\" aria-label=\"Kontaktformular\" novalidate=\"novalidate\" data-status=\"init\">\n<fieldset class=\"hidden-fields-container\"><input type=\"hidden\" name=\"_wpcf7\" value=\"1224\" \/><input type=\"hidden\" name=\"_wpcf7_version\" value=\"6.1.5\" \/><input type=\"hidden\" name=\"_wpcf7_locale\" value=\"de_DE\" \/><input type=\"hidden\" name=\"_wpcf7_unit_tag\" value=\"wpcf7-f1224-o1\" \/><input type=\"hidden\" name=\"_wpcf7_container_post\" value=\"0\" \/><input type=\"hidden\" name=\"_wpcf7_posted_data_hash\" value=\"\" \/>\n<\/fieldset>\n<div class=\"formulario\">\n\t<p>Name (erforderlich)<br \/>\n<span class=\"wpcf7-form-control-wrap\" data-name=\"your-name\"><input size=\"40\" maxlength=\"400\" class=\"wpcf7-form-control wpcf7-text wpcf7-validates-as-required\" aria-required=\"true\" aria-invalid=\"false\" value=\"\" type=\"text\" name=\"your-name\" \/><\/span>\n\t<\/p>\n\t<p>E-Mail (erforderlich)<br \/>\n<span class=\"wpcf7-form-control-wrap\" data-name=\"your-email\"><input size=\"40\" maxlength=\"400\" class=\"wpcf7-form-control wpcf7-email wpcf7-validates-as-required wpcf7-text wpcf7-validates-as-email\" aria-required=\"true\" aria-invalid=\"false\" value=\"\" type=\"email\" name=\"your-email\" \/><\/span>\n\t<\/p>\n\t<p>Asunto<br \/>\n<span class=\"wpcf7-form-control-wrap\" data-name=\"your-subject\"><input size=\"40\" maxlength=\"400\" class=\"wpcf7-form-control wpcf7-text\" aria-invalid=\"false\" value=\"\" type=\"text\" name=\"your-subject\" \/><\/span>\n\t<\/p>\n\t<p>Nachricht<br \/>\n<span class=\"wpcf7-form-control-wrap\" data-name=\"your-message\"><textarea cols=\"40\" rows=\"10\" maxlength=\"2000\" class=\"wpcf7-form-control wpcf7-textarea\" aria-invalid=\"false\" name=\"your-message\"><\/textarea><\/span>\n\t<\/p>\n\t<div class=\"gdprw\">\n\t\t<p><span class=\"wpcf7-form-control-wrap\" data-name=\"acceptance-115\"><span class=\"wpcf7-form-control wpcf7-acceptance\"><span class=\"wpcf7-list-item\"><label><input type=\"checkbox\" name=\"acceptance-115\" value=\"1\" aria-invalid=\"false\" \/><span class=\"wpcf7-list-item-label\">Ich stimme zu, dass Makelmarbella meine Daten f\u00fcr kommerzielle Zwecke sammelt, wie in der <a target=\"_blank\" href=\"http:\/\/www.makelmarbella.com\/politica-de-privacidad\">Datenschutzerkl\u00e4rung<\/a> angegeben.<\/span><\/label><\/span><\/span><\/span>\n\t\t<\/p>\n\t<\/div>\n\t<div class=\"gdpr\">\n\t\t<p>MAKEL MARBELLA CORREDURIA DE SEGUROS, S.L. informiert Sie dar\u00fcber, dass die personenbezogenen Daten, die Sie uns durch Ausf\u00fcllen dieses Formulars zur Verf\u00fcgung stellen, von MAKEL MARBELLA CORREDURIA DE SEGUROS, S.L. als Verantwortlicher dieser Website verarbeitet werden. Der Zweck der Erhebung und Verarbeitung der von Ihnen angeforderten personenbezogenen Daten besteht darin, Ihnen unsere Publikationen, Werbeaktionen f\u00fcr Produkte und\/oder Dienstleistungen und exklusive Ressourcen zuzusenden. Durch Anklicken des K\u00e4stchens zur Zustimmung erkl\u00e4ren Sie sich ausdr\u00fccklich damit einverstanden, dass Ihre Daten gem\u00e4\u00df den in der Datenschutzerkl\u00e4rung beschriebenen Zwecken dieses Formulars verarbeitet werden. Als Nutzer und Betroffener informieren wir Sie dar\u00fcber, dass die von Ihnen zur Verf\u00fcgung gestellten Daten in den Dateien des Unternehmens gespeichert werden. Wenn Sie die im Formular als obligatorisch gekennzeichneten personenbezogenen Daten nicht eingeben, kann dies dazu f\u00fchren, dass wir Ihre Anfrage nicht bearbeiten k\u00f6nnen.<br \/>\nSie k\u00f6nnen Ihre Rechte auf Einschr\u00e4nkung, \u00dcbertragbarkeit, Vergessenwerden, Zugang und Berichtigung aus\u00fcben, indem Sie sich an MAKEL MARBELLA CORREDURIA DE SEGUROS, S.L. mit Sitz in Alonso de Baz\u00e1n, n\u00ba 8, piso 1\u00ba oficina 5, Postleitzahl 29602, Marbella, M\u00e1laga, E-Mail: info@makelmarbella.com. sowie das Recht, eine Beschwerde bei einer Aufsichtsbeh\u00f6rde einzureichen. Weitere und detaillierte Informationen zum Datenschutz finden Sie in unserer Datenschutzerkl\u00e4rung.\n\t\t<\/p>\n\t<\/div>\n\t<p><input class=\"wpcf7-form-control wpcf7-submit has-spinner\" type=\"submit\" value=\"Enviar\" \/>\n\t<\/p>\n<\/div><p style=\"display: none !important;\" class=\"akismet-fields-container\" data-prefix=\"_wpcf7_ak_\"><label>&#916;<textarea name=\"_wpcf7_ak_hp_textarea\" cols=\"45\" rows=\"8\" maxlength=\"100\"><\/textarea><\/label><input type=\"hidden\" id=\"ak_js_1\" name=\"_wpcf7_ak_js\" value=\"184\"\/><script>document.getElementById( \"ak_js_1\" ).setAttribute( \"value\", ( new Date() ).getTime() );<\/script><\/p><div class=\"wpcf7-response-output\" aria-hidden=\"true\"><\/div>\n<\/form>\n<\/div>\n<\/div>\n<\/div>\n<div class=\"col-md-12\">\n<div class=\"mapa\"><div id=\"wpgmza_map_1\" class=\"wpgmza_map wpgmza-auto-left\" style=\"display:block;width:100\\%;height:400px;overflow:hidden;position:relative;\" data-map-id=\"1\" data-maps-engine=\"\" data-build-engine=\"atlas-novus\" data-shortcode-attributes=\"{&quot;id&quot;:&quot;1&quot;,&quot;zoom&quot;:false,&quot;width&quot;:false,&quot;height&quot;:false,&quot;marker&quot;:false,&quot;classname&quot;:false}\" data-settings=\"{&quot;map_title&quot;:&quot;makel mapa&quot;,&quot;map_width&quot;:&quot;100&quot;,&quot;map_height&quot;:&quot;400&quot;,&quot;map_start_lat&quot;:&quot;36.510047&quot;,&quot;map_start_lng&quot;:&quot;-4.889103&quot;,&quot;map_start_location&quot;:&quot;36.510047307549236,-4.889103205344805&quot;,&quot;map_start_zoom&quot;:&quot;16&quot;,&quot;default_marker&quot;:&quot;0&quot;,&quot;type&quot;:&quot;1&quot;,&quot;alignment&quot;:&quot;1&quot;,&quot;directions_enabled&quot;:&quot;1&quot;,&quot;styling_enabled&quot;:&quot;0&quot;,&quot;styling_json&quot;:&quot;&quot;,&quot;active&quot;:&quot;0&quot;,&quot;kml&quot;:&quot;&quot;,&quot;bicycle&quot;:&quot;2&quot;,&quot;traffic&quot;:&quot;2&quot;,&quot;dbox&quot;:&quot;1&quot;,&quot;dbox_width&quot;:&quot;250&quot;,&quot;listmarkers&quot;:&quot;0&quot;,&quot;listmarkers_advanced&quot;:&quot;0&quot;,&quot;filterbycat&quot;:&quot;0&quot;,&quot;ugm_enabled&quot;:&quot;0&quot;,&quot;ugm_category_enabled&quot;:&quot;0&quot;,&quot;fusion&quot;:&quot;&quot;,&quot;map_width_type&quot;:&quot;\\\\%&quot;,&quot;map_height_type&quot;:&quot;px&quot;,&quot;mass_marker_support&quot;:&quot;1&quot;,&quot;ugm_access&quot;:&quot;0&quot;,&quot;order_markers_by&quot;:&quot;1&quot;,&quot;order_markers_choice&quot;:&quot;2&quot;,&quot;show_user_location&quot;:&quot;0&quot;,&quot;default_to&quot;:&quot;&quot;,&quot;store_locator_enabled&quot;:2,&quot;store_locator_distance&quot;:2,&quot;store_locator_bounce&quot;:1,&quot;store_locator_query_string&quot;:&quot;ZIP \\\/ C\\u00f3digo Postal \\\/ Direcci\\u00f3n&quot;,&quot;wpgmza_store_locator_restrict&quot;:&quot;&quot;,&quot;map_max_zoom&quot;:&quot;1&quot;,&quot;transport_layer&quot;:2,&quot;wpgmza_theme_data&quot;:&quot;&quot;,&quot;id&quot;:1}\" ><\/div><\/div>\n<\/div>\n","protected":false},"excerpt":{"rendered":"<p>ZEITPLAN: Vormittags: 9:00 bis 14:00 Uhr und 15:00 bis 17:00 Uhr F\u00fcr Besuche in Privath\u00e4usern, Einrichtungen, KMU usw. vereinbaren Sie bitte telefonisch einen Termin. c\/Alonso de Baz\u00e1n 8, piso 1\u00ba oficina 5. Edif. Diplom\u00e1tico.C.P.: 29602.- Marbella, M\u00e1laga. (+34) 952 77 21 08 info@makelmarbella.com<\/p>\n","protected":false},"author":1,"featured_media":0,"parent":0,"menu_order":0,"comment_status":"closed","ping_status":"closed","template":"single00.php","meta":{"footnotes":""},"class_list":["post-976","page","type-page","status-publish","hentry"],"_links":{"self":[{"href":"https:\/\/www.makelmarbella.com\/de\/wp-json\/wp\/v2\/pages\/976","targetHints":{"allow":["GET"]}}],"collection":[{"href":"https:\/\/www.makelmarbella.com\/de\/wp-json\/wp\/v2\/pages"}],"about":[{"href":"https:\/\/www.makelmarbella.com\/de\/wp-json\/wp\/v2\/types\/page"}],"author":[{"embeddable":true,"href":"https:\/\/www.makelmarbella.com\/de\/wp-json\/wp\/v2\/users\/1"}],"replies":[{"embeddable":true,"href":"https:\/\/www.makelmarbella.com\/de\/wp-json\/wp\/v2\/comments?post=976"}],"version-history":[{"count":1,"href":"https:\/\/www.makelmarbella.com\/de\/wp-json\/wp\/v2\/pages\/976\/revisions"}],"predecessor-version":[{"id":977,"href":"https:\/\/www.makelmarbella.com\/de\/wp-json\/wp\/v2\/pages\/976\/revisions\/977"}],"wp:attachment":[{"href":"https:\/\/www.makelmarbella.com\/de\/wp-json\/wp\/v2\/media?parent=976"}],"curies":[{"name":"wp","href":"https:\/\/api.w.org\/{rel}","templated":true}]}}