{"id":1003,"date":"2016-11-02T11:49:06","date_gmt":"2016-11-02T11:49:06","guid":{"rendered":"https:\/\/www.makelmarbella.com\/contact\/"},"modified":"2026-02-10T12:07:42","modified_gmt":"2026-02-10T12:07:42","slug":"contact","status":"publish","type":"page","link":"https:\/\/www.makelmarbella.com\/fr\/contact\/","title":{"rendered":"Contact"},"content":{"rendered":"<div class=\"square1\">\n<div class=\"col-md-6\">\n<p>CALENDRIER:<\/p>\n<p>Matin : 9h00 \u00e0 14h00 et 15h00 \u00e0 17h00 du lundi au vendredi<\/p>\n<p>Pour des visites chez des particuliers, des \u00e9tablissements, des PME, etc., appelez pour prendre rendez-vous.<\/p>\n<p><i class=\"fa fa-map-marker\"><\/i>c\/Alonso de Baz\u00e1n 8, piso 1\u00ba oficina 5. Edif. Diplom\u00e1tico.C.P.: 29602.- Marbella, M\u00e1laga.<\/p>\n<p><i class=\"fa fa-phone\"><\/i>  (+34) 952 77 21 08<\/p>\n<p><i class=\"fa fa-envelope\"><\/i> info@makelmarbella.com<\/p>\n<\/div>\n<\/div>\n<div class=\"col-md-6\">\n<div class=\"\" square2=\"\">\n<div class=\"wpcf7 no-js\" id=\"wpcf7-f1223-o1\" lang=\"fr-FR\" dir=\"ltr\" data-wpcf7-id=\"1223\">\n<div class=\"screen-reader-response\"><p role=\"status\" aria-live=\"polite\" aria-atomic=\"true\"><\/p> <ul><\/ul><\/div>\n<form action=\"\/fr\/wp-json\/wp\/v2\/pages\/1003#wpcf7-f1223-o1\" method=\"post\" class=\"wpcf7-form init\" aria-label=\"Formulaire de contact\" novalidate=\"novalidate\" data-status=\"init\">\n<fieldset class=\"hidden-fields-container\"><input type=\"hidden\" name=\"_wpcf7\" value=\"1223\" \/><input type=\"hidden\" name=\"_wpcf7_version\" value=\"6.1.5\" \/><input type=\"hidden\" name=\"_wpcf7_locale\" value=\"fr_FR\" \/><input type=\"hidden\" name=\"_wpcf7_unit_tag\" value=\"wpcf7-f1223-o1\" \/><input type=\"hidden\" name=\"_wpcf7_container_post\" value=\"0\" \/><input type=\"hidden\" name=\"_wpcf7_posted_data_hash\" value=\"\" \/>\n<\/fieldset>\n<div class=\"formulario\">\n\t<p>Nom (obligatoire)<br \/>\n<span class=\"wpcf7-form-control-wrap\" data-name=\"your-name\"><input size=\"40\" maxlength=\"400\" class=\"wpcf7-form-control wpcf7-text wpcf7-validates-as-required\" aria-required=\"true\" aria-invalid=\"false\" value=\"\" type=\"text\" name=\"your-name\" \/><\/span>\n\t<\/p>\n\t<p>E-mail (obligatoire)<br \/>\n<span class=\"wpcf7-form-control-wrap\" data-name=\"your-email\"><input size=\"40\" maxlength=\"400\" class=\"wpcf7-form-control wpcf7-email wpcf7-validates-as-required wpcf7-text wpcf7-validates-as-email\" aria-required=\"true\" aria-invalid=\"false\" value=\"\" type=\"email\" name=\"your-email\" \/><\/span>\n\t<\/p>\n\t<p>Objet<br \/>\n<span class=\"wpcf7-form-control-wrap\" data-name=\"your-subject\"><input size=\"40\" maxlength=\"400\" class=\"wpcf7-form-control wpcf7-text\" aria-invalid=\"false\" value=\"\" type=\"text\" name=\"your-subject\" \/><\/span>\n\t<\/p>\n\t<p>Message<br \/>\n<span class=\"wpcf7-form-control-wrap\" data-name=\"your-message\"><textarea cols=\"40\" rows=\"10\" maxlength=\"2000\" class=\"wpcf7-form-control wpcf7-textarea\" aria-invalid=\"false\" name=\"your-message\"><\/textarea><\/span>\n\t<\/p>\n\t<div class=\"gdprw\">\n\t\t<p><span class=\"wpcf7-form-control-wrap\" data-name=\"acceptance-115\"><span class=\"wpcf7-form-control wpcf7-acceptance\"><span class=\"wpcf7-list-item\"><label><input type=\"checkbox\" name=\"acceptance-115\" value=\"1\" aria-invalid=\"false\" \/><span class=\"wpcf7-list-item-label\">J'autorise Makelmarbella \u00e0 collecter mes donn\u00e9es \u00e0 des fins commerciales, conform\u00e9ment \u00e0 la <a target=\"_blank\" href=\"http:\/\/www.makelmarbella.com\/politica-de-privacidad\">politique de confidentialit\u00e9<\/a>.<\/span><\/label><\/span><\/span><\/span>\n\t\t<\/p>\n\t<\/div>\n\t<div class=\"gdpr\">\n\t\t<p>MAKEL MARBELLA CORREDURIA DE SEGUROS, S.L. vous informe que les donn\u00e9es \u00e0 caract\u00e8re personnel que vous nous fournissez en remplissant le pr\u00e9sent formulaire seront trait\u00e9es par MAKEL MARBELLA CORREDURIA DE SEGUROS, S.L. en tant que responsable de ce site web. La collecte et le traitement des donn\u00e9es personnelles que nous vous demandons ont pour but de vous envoyer nos publications, promotions de produits et\/ou services et ressources exclusives. En cochant la case d'acceptation, vous donnez votre consentement explicite pour que vos donn\u00e9es soient trait\u00e9es conform\u00e9ment aux finalit\u00e9s de ce formulaire d\u00e9crites dans la politique de confidentialit\u00e9. En tant qu'utilisateur et personne concern\u00e9e, nous vous informons que les donn\u00e9es que vous nous fournissez seront conserv\u00e9es dans les fichiers de l'entreprise. Si vous ne saisissez pas les donn\u00e9es \u00e0 caract\u00e8re personnel qui apparaissent dans le formulaire comme obligatoires, nous pourrions ne pas \u00eatre en mesure de r\u00e9pondre \u00e0 votre demande.<br \/>\nVous pouvez exercer vos droits de limitation, de portabilit\u00e9, d'oubli, d'acc\u00e8s et de rectification en vous adressant \u00e0 MAKEL MARBELLA CORREDURIA DE SEGUROS, S.L., dont le si\u00e8ge social est situ\u00e9 \u00e0 Alonso de Baz\u00e1n, n\u00ba 8, piso 1\u00ba oficina 5, cp.29602, Marbella, M\u00e1laga, e-mail : info@makelmarbella.com. Vous pouvez \u00e9galement exercer votre droit de d\u00e9poser une r\u00e9clamation aupr\u00e8s d'une autorit\u00e9 de contr\u00f4le. Vous pouvez consulter des informations suppl\u00e9mentaires et d\u00e9taill\u00e9es sur la protection des donn\u00e9es dans notre politique de confidentialit\u00e9.\n\t\t<\/p>\n\t<\/div>\n\t<p><input class=\"wpcf7-form-control wpcf7-submit has-spinner\" type=\"submit\" value=\"Envoyer\" \/>\n\t<\/p>\n<\/div><p style=\"display: none !important;\" class=\"akismet-fields-container\" data-prefix=\"_wpcf7_ak_\"><label>&#916;<textarea name=\"_wpcf7_ak_hp_textarea\" cols=\"45\" rows=\"8\" maxlength=\"100\"><\/textarea><\/label><input type=\"hidden\" id=\"ak_js_1\" name=\"_wpcf7_ak_js\" value=\"127\"\/><script>document.getElementById( \"ak_js_1\" ).setAttribute( \"value\", ( new Date() ).getTime() );<\/script><\/p><div class=\"wpcf7-response-output\" aria-hidden=\"true\"><\/div>\n<\/form>\n<\/div>\n<\/div>\n<\/div>\n<div class=\"col-md-12\">\n<div class=\"mapa\"><div id=\"wpgmza_map_1\" class=\"wpgmza_map wpgmza-auto-left\" style=\"display:block;width:100\\%;height:400px;overflow:hidden;position:relative;\" data-map-id=\"1\" data-maps-engine=\"\" data-build-engine=\"atlas-novus\" data-shortcode-attributes=\"{&quot;id&quot;:&quot;1&quot;,&quot;zoom&quot;:false,&quot;width&quot;:false,&quot;height&quot;:false,&quot;marker&quot;:false,&quot;classname&quot;:false}\" data-settings=\"{&quot;map_title&quot;:&quot;makel mapa&quot;,&quot;map_width&quot;:&quot;100&quot;,&quot;map_height&quot;:&quot;400&quot;,&quot;map_start_lat&quot;:&quot;36.510047&quot;,&quot;map_start_lng&quot;:&quot;-4.889103&quot;,&quot;map_start_location&quot;:&quot;36.510047307549236,-4.889103205344805&quot;,&quot;map_start_zoom&quot;:&quot;16&quot;,&quot;default_marker&quot;:&quot;0&quot;,&quot;type&quot;:&quot;1&quot;,&quot;alignment&quot;:&quot;1&quot;,&quot;directions_enabled&quot;:&quot;1&quot;,&quot;styling_enabled&quot;:&quot;0&quot;,&quot;styling_json&quot;:&quot;&quot;,&quot;active&quot;:&quot;0&quot;,&quot;kml&quot;:&quot;&quot;,&quot;bicycle&quot;:&quot;2&quot;,&quot;traffic&quot;:&quot;2&quot;,&quot;dbox&quot;:&quot;1&quot;,&quot;dbox_width&quot;:&quot;250&quot;,&quot;listmarkers&quot;:&quot;0&quot;,&quot;listmarkers_advanced&quot;:&quot;0&quot;,&quot;filterbycat&quot;:&quot;0&quot;,&quot;ugm_enabled&quot;:&quot;0&quot;,&quot;ugm_category_enabled&quot;:&quot;0&quot;,&quot;fusion&quot;:&quot;&quot;,&quot;map_width_type&quot;:&quot;\\\\%&quot;,&quot;map_height_type&quot;:&quot;px&quot;,&quot;mass_marker_support&quot;:&quot;1&quot;,&quot;ugm_access&quot;:&quot;0&quot;,&quot;order_markers_by&quot;:&quot;1&quot;,&quot;order_markers_choice&quot;:&quot;2&quot;,&quot;show_user_location&quot;:&quot;0&quot;,&quot;default_to&quot;:&quot;&quot;,&quot;store_locator_enabled&quot;:2,&quot;store_locator_distance&quot;:2,&quot;store_locator_bounce&quot;:1,&quot;store_locator_query_string&quot;:&quot;ZIP \\\/ C\\u00f3digo Postal \\\/ Direcci\\u00f3n&quot;,&quot;wpgmza_store_locator_restrict&quot;:&quot;&quot;,&quot;map_max_zoom&quot;:&quot;1&quot;,&quot;transport_layer&quot;:2,&quot;wpgmza_theme_data&quot;:&quot;&quot;,&quot;id&quot;:1}\" ><\/div><\/div>\n<\/div>\n","protected":false},"excerpt":{"rendered":"<p>CALENDRIER: Matin : 9h00 \u00e0 14h00 et 15h00 \u00e0 17h00 du lundi au vendredi Pour des visites chez des particuliers, des \u00e9tablissements, des PME, etc., appelez pour prendre rendez-vous. c\/Alonso de Baz\u00e1n 8, piso 1\u00ba oficina 5. Edif. Diplom\u00e1tico.C.P.: 29602.- Marbella, M\u00e1laga. (+34) 952 77 21 08 info@makelmarbella.com<\/p>\n","protected":false},"author":1,"featured_media":0,"parent":0,"menu_order":0,"comment_status":"closed","ping_status":"closed","template":"single00.php","meta":{"footnotes":""},"class_list":["post-1003","page","type-page","status-publish","hentry"],"_links":{"self":[{"href":"https:\/\/www.makelmarbella.com\/fr\/wp-json\/wp\/v2\/pages\/1003","targetHints":{"allow":["GET"]}}],"collection":[{"href":"https:\/\/www.makelmarbella.com\/fr\/wp-json\/wp\/v2\/pages"}],"about":[{"href":"https:\/\/www.makelmarbella.com\/fr\/wp-json\/wp\/v2\/types\/page"}],"author":[{"embeddable":true,"href":"https:\/\/www.makelmarbella.com\/fr\/wp-json\/wp\/v2\/users\/1"}],"replies":[{"embeddable":true,"href":"https:\/\/www.makelmarbella.com\/fr\/wp-json\/wp\/v2\/comments?post=1003"}],"version-history":[{"count":3,"href":"https:\/\/www.makelmarbella.com\/fr\/wp-json\/wp\/v2\/pages\/1003\/revisions"}],"predecessor-version":[{"id":1221,"href":"https:\/\/www.makelmarbella.com\/fr\/wp-json\/wp\/v2\/pages\/1003\/revisions\/1221"}],"wp:attachment":[{"href":"https:\/\/www.makelmarbella.com\/fr\/wp-json\/wp\/v2\/media?parent=1003"}],"curies":[{"name":"wp","href":"https:\/\/api.w.org\/{rel}","templated":true}]}}