{"id":1004,"date":"2016-11-02T11:44:06","date_gmt":"2016-11-02T11:44:06","guid":{"rendered":"https:\/\/www.makelmarbella.com\/lentreprise\/"},"modified":"2016-11-02T11:44:06","modified_gmt":"2016-11-02T11:44:06","slug":"lentreprise","status":"publish","type":"page","link":"https:\/\/www.makelmarbella.com\/fr\/lentreprise\/","title":{"rendered":"L&rsquo;entreprise"},"content":{"rendered":"<div class=\"noso\">\n<p>Makel Marbella Insurance Brokerage est une soci\u00e9t\u00e9 de courtage familiale situ\u00e9e \u00e0 Marbella, avec plus de 20 ans d&rsquo;exp\u00e9rience dans le secteur. Elle est n\u00e9e d&rsquo;une \u00e9troite collaboration avec Rosillo Hermanos Corredur\u00eda de Seguros, avec qui elle collabore activement depuis 1995.<\/p>\n<p>Dans notre courtage, nous sommes sp\u00e9cialis\u00e9s dans les affaires priv\u00e9es (v\u00e9hicules, habitations, entreprises, communaut\u00e9s de propri\u00e9taires, sant\u00e9, accidents, bateaux de plaisance, vie, assistance, etc.), en mettant en avant l&rsquo;assurance des gros biens, de l&rsquo;art, des bijoux et des v\u00e9hicules haut de gamme. .<\/p>\n<p>Nous disposons \u00e9galement d&rsquo;assurances pour les PME, la Responsabilit\u00e9 Civile, le transport de marchandises, les flottes de v\u00e9hicules, les accidents collectifs, etc.<\/p>\n<p>Nous travaillons uniquement avec les meilleures entreprises du secteur, capables d&rsquo;offrir \u00e0 nos clients des produits de qualit\u00e9 et une haute qualit\u00e9 dans la gestion des sinistres.<\/p>\n<p>Sur ce site, vous trouverez des informations de base sur notre entreprise, nous vous invitons donc \u00e0 nous appeler, afin que vous puissiez nous demander directement tout ce que vous souhaitez.<\/p>\n<\/div>\n","protected":false},"excerpt":{"rendered":"<p>Makel Marbella Insurance Brokerage est une soci\u00e9t\u00e9 de courtage familiale situ\u00e9e \u00e0 Marbella, avec plus de 20 ans d&rsquo;exp\u00e9rience dans le secteur. Elle est n\u00e9e d&rsquo;une \u00e9troite collaboration avec Rosillo Hermanos Corredur\u00eda de Seguros, avec qui elle collabore activement depuis 1995. Dans notre courtage, nous sommes sp\u00e9cialis\u00e9s dans les affaires priv\u00e9es (v\u00e9hicules, habitations, entreprises, communaut\u00e9s [&hellip;]<\/p>\n","protected":false},"author":1,"featured_media":0,"parent":0,"menu_order":0,"comment_status":"closed","ping_status":"closed","template":"single2.php","meta":{"footnotes":""},"class_list":["post-1004","page","type-page","status-publish","hentry"],"_links":{"self":[{"href":"https:\/\/www.makelmarbella.com\/fr\/wp-json\/wp\/v2\/pages\/1004","targetHints":{"allow":["GET"]}}],"collection":[{"href":"https:\/\/www.makelmarbella.com\/fr\/wp-json\/wp\/v2\/pages"}],"about":[{"href":"https:\/\/www.makelmarbella.com\/fr\/wp-json\/wp\/v2\/types\/page"}],"author":[{"embeddable":true,"href":"https:\/\/www.makelmarbella.com\/fr\/wp-json\/wp\/v2\/users\/1"}],"replies":[{"embeddable":true,"href":"https:\/\/www.makelmarbella.com\/fr\/wp-json\/wp\/v2\/comments?post=1004"}],"version-history":[{"count":0,"href":"https:\/\/www.makelmarbella.com\/fr\/wp-json\/wp\/v2\/pages\/1004\/revisions"}],"wp:attachment":[{"href":"https:\/\/www.makelmarbella.com\/fr\/wp-json\/wp\/v2\/media?parent=1004"}],"curies":[{"name":"wp","href":"https:\/\/api.w.org\/{rel}","templated":true}]}}