{"id":1101,"date":"2024-04-24T23:23:50","date_gmt":"2024-04-24T23:23:50","guid":{"rendered":"https:\/\/www.makelmarbella.com\/accueil\/"},"modified":"2024-04-24T23:23:50","modified_gmt":"2024-04-24T23:23:50","slug":"accueil","status":"publish","type":"page","link":"https:\/\/www.makelmarbella.com\/fr\/","title":{"rendered":"Accueil"},"content":{"rendered":"<div class=\"section_heading_title\">\n<h1>Nos services<\/h1>\n<div class=\"pagetitle-separator\">\n<div class=\"pagetitle-separator-border\">\n<div class=\"pagetitle-separator-box\"><\/div>\n<\/p><\/div>\n<\/p><\/div>\n<p>Attention personnalis\u00e9e et gestion des sinistres.<\/p>\n<\/p><\/div>\n<\/p><\/div>\n<div class=\"row\">\n<div class=\"col-md-6 col-sm-6 service-effect\">\n<div class=\"service-box\">\n\t\t\t\t<img decoding=\"async\" class=\"img-responsive service-box-image\" src=\"http:\/\/www.makelmarbella.com\/wp-content\/uploads\/2016\/11\/destacado1.jpg\">\n\t\t\t<\/div>\n<div class=\"service-area\">\n<h2><a href=\"#\">Assurance individuelle<\/a><\/h2>\n<p>Automobiles (Automobiles, v\u00e9hicules haut de gamme, camionnettes, motos, camions&#8230;) &#8211; Habitation &#8211; Grands Biens (Oeuvres d&rsquo;art, bijoux&#8230;) &#8211; Commerces &#8211; Communaut\u00e9s de propri\u00e9taires &#8211; Bateaux de plaisance &#8211; Yachts &#8211; Sant\u00e9 &#8211; Accidents &#8211; Vie &#8211; Plans d&rsquo;\u00e9pargne, retraite &#8211; Plans de retraite &#8211; Placements &#8211; Assistance &#8211; Etc.<\/p>\n<\/p><\/div>\n<p><!-- \/ service-area -->\n\t\t<\/div>\n<p> <!-- \/ service-effect column --><\/p>\n<div class=\"col-md-6 col-sm-6 service-effect\">\n<div class=\"service-box\">\n\t\t\t\t<img decoding=\"async\" class=\"img-responsive service-box-image\" src=\"http:\/\/www.makelmarbella.com\/wp-content\/uploads\/2016\/11\/destacado2.jpg\">\n\t\t\t<\/div>\n<div class=\"service-area\">\n<h2><a href=\"#\">Assurance entreprise<\/a><\/h2>\n<p>Flottes de v\u00e9hicules (Automobiles, camions, v\u00e9hicules de location) &#8211; PME (Multirisques et Tous risques pour entreprises) &#8211; Transport de marchandises &#8211; Responsabilit\u00e9 Civile &#8211; Accidents Collectifs &#8211; Etc.<\/p>\n<\/p><\/div>\n<p><!-- \/ service-area -->\n\t\t<\/div>\n<p> <!-- \/ service-effect column --><\/p>\n<p>\t\t <!-- \/ service-effect column --><\/p><\/div>\n<p>\t<\/br><\/p>\n<div class=\"section_heading_title\">\n<h1>Notre assurance<\/h1>\n<div class=\"pagetitle-separator\">\n<div class=\"pagetitle-separator-border\">\n<div class=\"pagetitle-separator-box\"><\/div>\n<\/p><\/div>\n<\/p><\/div>\n<p>Nous sommes sp\u00e9cialistes en assurance de :<\/p>\n<\/p><\/div>\n<\/p><\/div>\n<div class=\"row\">\n<div class=\"col-md-3 col-md-6 home-portfolio-area\">\n<div class=\"home-portfolio-showcase\">\n<div class=\"home-portfolio-showcase-media\">\n<p>\t\t\t\t\t\t<img decoding=\"async\" class=\"img-responsive home-portfolio-img\" src=\"https:\/\/www.makelmarbella.com\/wp-content\/themes\/makel\/images\/portfolio1.jpg\"><\/p>\n<div class=\"home-portfolio-showcase-overlay\">\n<div class=\"home-portfolio-showcase-overlay-inner\">\n<div class=\"home-portfolio-showcase-detail\">\n<h4>Assurance habitation<\/h4>\n<p>Trouvez la solution id\u00e9ale pour votre assurance habitation.<\/p>\n<\/p><\/div>\n<\/p><\/div>\n<\/p><\/div>\n<\/p><\/div>\n<\/p><\/div>\n<\/p><\/div>\n<div class=\"col-md-3 col-md-6 home-portfolio-area\">\n<div class=\"home-portfolio-showcase\">\n<div class=\"home-portfolio-showcase-media\">\n<p>\t\t\t\t\t\t<img decoding=\"async\" class=\"img-responsive home-portfolio-img\" src=\"http:\/\/www.makelmarbella.com\/wp-content\/uploads\/2020\/11\/portfolio2_2020.jpg\"><\/p>\n<div class=\"home-portfolio-showcase-overlay\">\n<div class=\"home-portfolio-showcase-overlay-inner\">\n<div class=\"home-portfolio-showcase-detail\">\n<h4>Grands patrimoines<\/h4>\n<p>Assurez vos bijoux et \u0153uvres d\u2019art avec la meilleure couverture.<\/p>\n<\/p><\/div>\n<\/p><\/div>\n<\/p><\/div>\n<\/p><\/div>\n<\/p><\/div>\n<\/p><\/div>\n<div class=\"col-md-3 col-md-6 home-portfolio-area\">\n<div class=\"home-portfolio-showcase\">\n<div class=\"home-portfolio-showcase-media\">\n<p>\t\t\t\t\t\t<img decoding=\"async\" class=\"img-responsive home-portfolio-img\" src=\"https:\/\/www.makelmarbella.com\/wp-content\/themes\/makel\/images\/portfolio3.jpg\"><\/p>\n<div class=\"home-portfolio-showcase-overlay\">\n<div class=\"home-portfolio-showcase-overlay-inner\">\n<div class=\"home-portfolio-showcase-detail\">\n<h4>Assurance m\u00e9dicale<\/h4>\n<p>Nous proposons tout, de l\u2019assurance m\u00e9dicale \u00e0 l\u2019assurance avec couverture mondiale et remboursement des frais.<\/p>\n<\/p><\/div>\n<\/p><\/div>\n<\/p><\/div>\n<\/p><\/div>\n<\/p><\/div>\n<\/p><\/div>\n<div class=\"col-md-3 col-md-6 home-portfolio-area\">\n<div class=\"home-portfolio-showcase\">\n<div class=\"home-portfolio-showcase-media\">\n<p>\t\t\t\t\t\t<img decoding=\"async\" class=\"img-responsive home-portfolio-img\" src=\"https:\/\/www.makelmarbella.com\/wp-content\/themes\/makel\/images\/portfolio4.jpg\"><\/p>\n<div class=\"home-portfolio-showcase-overlay\">\n<div class=\"home-portfolio-showcase-overlay-inner\">\n<div class=\"home-portfolio-showcase-detail\">\n<h4>Assurance automobile<\/h4>\n<p>Des solutions personnalis\u00e9es en fonction de vos besoins.<\/p>\n<\/p><\/div>\n<\/p><\/div>\n<\/p><\/div>\n<\/p><\/div>\n<\/p><\/div>\n<\/p><\/div>\n","protected":false},"excerpt":{"rendered":"<p>Nos services Attention personnalis\u00e9e et gestion des sinistres. Assurance individuelle Automobiles (Automobiles, v\u00e9hicules haut de gamme, camionnettes, motos, camions&#8230;) &#8211; Habitation &#8211; Grands Biens (Oeuvres d&rsquo;art, bijoux&#8230;) &#8211; Commerces &#8211; Communaut\u00e9s de propri\u00e9taires &#8211; Bateaux de plaisance &#8211; Yachts &#8211; Sant\u00e9 &#8211; Accidents &#8211; Vie &#8211; Plans d&rsquo;\u00e9pargne, retraite &#8211; Plans de retraite &#8211; Placements [&hellip;]<\/p>\n","protected":false},"author":1,"featured_media":0,"parent":0,"menu_order":0,"comment_status":"closed","ping_status":"closed","template":"single5.php","meta":{"footnotes":""},"class_list":["post-1101","page","type-page","status-publish","hentry"],"_links":{"self":[{"href":"https:\/\/www.makelmarbella.com\/fr\/wp-json\/wp\/v2\/pages\/1101","targetHints":{"allow":["GET"]}}],"collection":[{"href":"https:\/\/www.makelmarbella.com\/fr\/wp-json\/wp\/v2\/pages"}],"about":[{"href":"https:\/\/www.makelmarbella.com\/fr\/wp-json\/wp\/v2\/types\/page"}],"author":[{"embeddable":true,"href":"https:\/\/www.makelmarbella.com\/fr\/wp-json\/wp\/v2\/users\/1"}],"replies":[{"embeddable":true,"href":"https:\/\/www.makelmarbella.com\/fr\/wp-json\/wp\/v2\/comments?post=1101"}],"version-history":[{"count":0,"href":"https:\/\/www.makelmarbella.com\/fr\/wp-json\/wp\/v2\/pages\/1101\/revisions"}],"wp:attachment":[{"href":"https:\/\/www.makelmarbella.com\/fr\/wp-json\/wp\/v2\/media?parent=1101"}],"curies":[{"name":"wp","href":"https:\/\/api.w.org\/{rel}","templated":true}]}}