{"id":1228,"date":"2019-03-27T10:20:59","date_gmt":"2019-03-27T10:20:59","guid":{"rendered":"https:\/\/www.makelmarbella.com\/politique-de-confidentialite\/"},"modified":"2019-03-27T10:20:59","modified_gmt":"2019-03-27T10:20:59","slug":"politique-de-confidentialite","status":"publish","type":"page","link":"https:\/\/www.makelmarbella.com\/fr\/politique-de-confidentialite\/","title":{"rendered":"Politique de confidentialit\u00e9"},"content":{"rendered":"<div class=\"aviso\">\n<p><strong>MENTIONS L\u00c9GALES SITE WEB LOPD.<\/strong><\/p>\n<p><strong>POLITIQUE DE CONFIDENTIALIT\u00c9.<\/strong><\/p>\n<p>Cette politique de confidentialit\u00e9 d\u00e9finit la mani\u00e8re dont les donn\u00e9es personnelles sont g\u00e9r\u00e9es sur ce site web. Il est indispensable que vous la lisiez et l&rsquo;acceptiez avant de poursuivre votre navigation. <\/p>\n<p><a href=\"http:\/\/www.makelmarbella.com\/\">http:\/\/www.makelmarbella.com\/<\/a> Il s&rsquo;agit d&rsquo;un projet de MAKEL MARBELLA CORREDURIA DE SEGUROS, S.L. dont le num\u00e9ro d&rsquo;identification fiscale est le suivant : B92259019.<\/p>\n<p>Cette politique de confidentialit\u00e9 a \u00e9t\u00e9 mise \u00e0 jour pour la derni\u00e8re fois en MAI 2018.<\/p>\n<p>Nous vous souhaitons la bienvenue sur ce site web et vous remercions de poursuivre votre lecture.<\/p>\n<p>Ce site web s&rsquo;engage \u00e0 respecter en permanence la confidentialit\u00e9 des donn\u00e9es des abonn\u00e9s, des contacts et des clients, et garantit les meilleures pratiques en mati\u00e8re d&rsquo;utilisation des donn\u00e9es \u00e0 caract\u00e8re personnel.<\/p>\n<p>MAKEL MARBELLA CORREDURIA DE SEGUROS, S.L. s&rsquo;oppose \u00e0 l&rsquo;envoi de courriers \u00e9lectroniques non sollicit\u00e9s (spam) et met tout en \u0153uvre pour emp\u00eacher l&rsquo;utilisation abusive du courrier \u00e9lectronique.<\/p>\n<p>Les donn\u00e9es collect\u00e9es sur ce site web aupr\u00e8s des personnes concern\u00e9es ne seront en aucun cas partag\u00e9es ni c\u00e9d\u00e9es \u00e0 des tiers, sauf autorisation expresse pr\u00e9alable.<\/p>\n<p>La plateforme peut contenir des liens vers des sites web tiers. Si tel est le cas, nous ne pouvons en aucun cas \u00eatre tenus responsables des pratiques de protection des donn\u00e9es ni du contenu de ces sites web. Par cons\u00e9quent, il est recommand\u00e9 de lire attentivement les politiques de confidentialit\u00e9 de chaque site web avant d&rsquo;accepter les conditions et de proc\u00e9der \u00e0 leur utilisation.  <\/p>\n<p>MAKEL MARBELLA CORREDURIA DE SEGUROS, S.L. avec CIF : B92259019 est titulaire d&rsquo;un fichier de donn\u00e9es \u00e0 caract\u00e8re personnel sous le nom UTILISATEURS DU SITE WEB, dans lequel les donn\u00e9es des utilisateurs sont incorpor\u00e9es et trait\u00e9es dans le but de r\u00e9pondre aux demandes de renseignements, de fournir les services demand\u00e9s via le formulaire de contact, d&rsquo;ex\u00e9cuter la prestation contract\u00e9e par l&rsquo;utilisateur et de proc\u00e9der \u00e0 sa facturation et \u00e0 son encaissement, de g\u00e9rer le processus d&rsquo;enregistrement de l&rsquo;utilisateur sur le portail et de mod\u00e9rer les commentaires.<\/p>\n<p><strong>TRANSPARENCE<\/strong><\/p>\n<p>Conform\u00e9ment aux dispositions du R\u00c8GLEMENT 2016\/679 du 27 avril 2016 relatif \u00e0 la protection des personnes physiques \u00e0 l&rsquo;\u00e9gard du traitement des donn\u00e9es \u00e0 caract\u00e8re personnel, les coordonn\u00e9es du responsable de ce site web sont communiqu\u00e9es de mani\u00e8re claire et transparente :<\/p>\n<ul>\n<li><span style=\"color: #ffffff;\">Votre projet web est <span style=\"color: #ff9900;\"><a style=\"color: #ff9900;\" href=\"http:\/\/www.makelmarbella.com\/\">http:\/\/www.makelmarbella.com\/<\/a><\/span><\/span><\/li>\n<li><span style=\"color: #ffffff;\">Sa d\u00e9nomination commerciale est MAKEL MARBELLA CORREDURIA DE SEGUROS, S.L.<\/span><\/li>\n<li><span style=\"color: #ffffff;\">Sa d\u00e9nomination sociale est MAKEL MARBELLA CORREDURIA DE SEGUROS, S.L.<\/span><\/li>\n<li><span style=\"color: #ffffff;\">Son num\u00e9ro d&rsquo;identification fiscale est le B92259019.<\/span><\/li>\n<li><span style=\"color: #ffffff;\">Son si\u00e8ge social est situ\u00e9 C\/ ALONSO DE BAZAN, N\u00ba 8 1\u00ba 5, CP.29602, MARBELLA, MALAGA.<\/span><\/li>\n<\/ul>\n<p>&nbsp;<\/p>\n<p><span style=\"color: #ffffff;\"><strong>ENVOI ET ENREGISTREMENT DES DONN\u00c9ES \u00c0 CARACT\u00c8RE PERSONNEL<\/strong><\/span><\/p>\n<p><span style=\"color: #ffffff;\">La transmission de donn\u00e9es \u00e0 caract\u00e8re personnel est obligatoire pour contacter et r\u00e9aliser des op\u00e9rations commerciales avec MAKEL MARBELLA CORREDURIA DE SEGUROS, S.L.. De m\u00eame, le fait de ne pas fournir les donn\u00e9es personnelles demand\u00e9es ou de ne pas accepter la pr\u00e9sente politique de protection des donn\u00e9es rend impossible l&rsquo;inscription et le traitement des demandes effectu\u00e9es sur ce site web. <\/span><\/p>\n<p><span style=\"color: #ffffff;\">Les cas dans lesquels ce site web requiert des donn\u00e9es personnelles sont les suivants :<\/span><\/p>\n<ul>\n<li><span style=\"color: #ffffff;\">R\u00e9ponse aux questions ou suggestions via le formulaire en ligne ou le formulaire d&rsquo;inscription.<\/span><\/li>\n<li><span style=\"color: #ffffff;\">Demande de devis.<\/span><\/li>\n<\/ul>\n<p><span style=\"color: #ffffff;\">Les donn\u00e9es contenues dans ce fichier seront stock\u00e9es dans les bases de donn\u00e9es de l&rsquo;application de gestion de MAKEL MARBELLA CORREDURIA DE SEGUROS, S.L., qui se composent de diff\u00e9rents fichiers contenant toutes les donn\u00e9es relatives \u00e0 ce fichier logique. Ces bases de donn\u00e9es se trouvent g\u00e9n\u00e9ralement sur les ordinateurs de l&rsquo;entreprise, mais peuvent \u00e9galement \u00eatre archiv\u00e9es sous forme physique (papier). <\/span><\/p>\n<p><span style=\"color: #ffffff;\">Les champs les plus importants de ce fichier sont les suivants :<\/span><\/p>\n<table>\n<tbody>\n<tr>\n<td width=\"432\">NOM<\/td>\n<\/tr>\n<tr>\n<td width=\"432\"><span style=\"color: #ffffff;\">EMAIL<\/span><\/td>\n<\/tr>\n<\/tbody>\n<\/table>\n<p>&nbsp;<\/p>\n<p><span style=\"color: #ffffff;\">Les informations personnelles seront utilis\u00e9es de la mani\u00e8re suivante :<\/span><\/p>\n<ul>\n<li><span style=\"color: #ffffff;\">R\u00e9ponse aux questions ou suggestions via le formulaire en ligne ou le formulaire d&rsquo;inscription.<\/span><\/li>\n<li><span style=\"color: #ffffff;\">Demande de devis.<\/span><\/li>\n<\/ul>\n<p><span style=\"color: #ffffff;\">Les donn\u00e9es contenues dans ce fichier seront stock\u00e9es dans les bases de donn\u00e9es de l&rsquo;application de gestion de MAKEL MARBELLA CORREDURIA DE SEGUROS, S.L., qui se composent de diff\u00e9rents fichiers contenant toutes les donn\u00e9es relatives \u00e0 ce fichier logique. Ces bases de donn\u00e9es se trouvent g\u00e9n\u00e9ralement sur les ordinateurs de l&rsquo;entreprise, mais peuvent \u00e9galement \u00eatre archiv\u00e9es sous forme physique (papier). <\/span><\/p>\n<p><span style=\"color: #ffffff;\">Les champs les plus importants de ce fichier sont les suivants :<\/span><\/p>\n<table>\n<tbody>\n<tr>\n<td width=\"432\">NOM<\/td>\n<\/tr>\n<tr>\n<td width=\"432\"><span style=\"color: #ffffff;\">EMAIL<\/span><\/td>\n<\/tr>\n<\/tbody>\n<\/table>\n<p>&nbsp;<\/p>\n<p><span style=\"color: #ffffff;\">Dans chaque cas, en tant qu&rsquo;utilisateur, vous disposez de tous les droits sur vos donn\u00e9es personnelles et sur leur utilisation, et vous pouvez les exercer \u00e0 tout moment.<\/span><\/p>\n<p><span style=\"color: #ffffff;\">D\u00e8s que vous souscrivez, MAKEL MARBELLA CORREDURIA DE SEGUROS, S.L. a acc\u00e8s \u00e0 : votre nom d&rsquo;utilisateur et votre adresse e-mail, sous le nom \u00ab UTILISATEURS WEB \u00bb.<\/span><\/p>\n<p><span style=\"color: #ffffff;\">L&rsquo;utilisateur garantit que les donn\u00e9es personnelles fournies via les diff\u00e9rents formulaires sont v\u00e9ridiques et s&rsquo;engage \u00e0 communiquer toute modification les concernant. De m\u00eame, l&rsquo;utilisateur garantit que toutes les informations fournies correspondent \u00e0 sa situation r\u00e9elle, qu&rsquo;elles sont \u00e0 jour et exactes. En outre, l&rsquo;utilisateur s&rsquo;engage \u00e0 maintenir ses donn\u00e9es \u00e0 jour \u00e0 tout moment, \u00e9tant seul responsable de l&rsquo;inexactitude ou de la fausset\u00e9 des donn\u00e9es fournies et des dommages que cela pourrait causer \u00e0 MAKEL MARBELLA CORREDURIA DE SEGUROS, S.L. en tant que propri\u00e9taire du site web <a style=\"color: #ff9900;\" href=\"http:\/\/www.makelmarbella.com\/\">http:\/\/www.makelmarbella.com\/<\/a> ou \u00e0 des tiers du fait de l&rsquo;utilisation de ces donn\u00e9es.  <\/span><\/p>\n<p><span style=\"color: #ffffff;\"><strong>EXERCICE DES DROITS D&rsquo;OUBLI, DE LIMITATION, DE PORTABILIT\u00c9, D&rsquo;ACC\u00c8S, DE RECTIFICATION, D&rsquo;ANNULATION OU D&rsquo;OPPOSITION<\/strong><\/span><\/p>\n<p><span style=\"color: #ffffff;\">L&rsquo;utilisateur pourra adresser ses communications et exercer ses droits en suivant les formalit\u00e9s impos\u00e9es par le nouveau r\u00e8glement sur la protection des donn\u00e9es, le R\u00c8GLEMENT 2016\/679 du 27 avril 2016 relatif \u00e0 la protection des personnes physiques \u00e0 l&rsquo;\u00e9gard du traitement des donn\u00e9es \u00e0 caract\u00e8re personnel.<\/span><\/p>\n<p><span style=\"color: #ffffff;\">Vous pouvez exercer vos droits \u00e0 l&rsquo;oubli, \u00e0 la portabilit\u00e9, \u00e0 la limitation, \u00e0 l&rsquo;acc\u00e8s et \u00e0 la rectification en adressant une demande \u00e9crite et sign\u00e9e contenant les informations suivantes : nom et pr\u00e9nom, adresse \u00e0 des fins de notification, accompagn\u00e9e d&rsquo;une preuve valable en droit, telle qu&rsquo;une photocopie de la carte d&rsquo;identit\u00e9 ou d&rsquo;un document \u00e9quivalent, et la demande concr\u00e8te. La lettre doit \u00eatre envoy\u00e9e \u00e0 MAKEL MARBELLA CORREDURIA DE SEGUROS, S.L., domicili\u00e9e \u00e0 Alonso de Baz\u00e1n, n\u00ba 8, piso 1\u00ba oficina 5, cp.29602, Marbella, M\u00e1laga, courriel : info@makelmarbella.com <\/span><\/p>\n<p><span style=\"color: #ffffff;\"><strong>ACCEPTATION ET CONSENTEMENT<\/strong><\/span><\/p>\n<p><span style=\"color: #ffffff;\">L&rsquo;utilisateur d\u00e9clare avoir \u00e9t\u00e9 inform\u00e9 des conditions relatives \u00e0 la protection des donn\u00e9es \u00e0 caract\u00e8re personnel, et accepte et consent au traitement de celles-ci par MAKEL MARBELLA CORREDURIA DE SEGUROS, S.L. selon les modalit\u00e9s et aux fins indiqu\u00e9es dans la pr\u00e9sente politique de confidentialit\u00e9.<\/span><\/p>\n<p>&nbsp;<\/p>\n<\/div>\n","protected":false},"excerpt":{"rendered":"<p>MENTIONS L\u00c9GALES SITE WEB LOPD. POLITIQUE DE CONFIDENTIALIT\u00c9. Cette politique de confidentialit\u00e9 d\u00e9finit la mani\u00e8re dont les donn\u00e9es personnelles sont g\u00e9r\u00e9es sur ce site web. Il est indispensable que vous la lisiez et l&rsquo;acceptiez avant de poursuivre votre navigation. http:\/\/www.makelmarbella.com\/ Il s&rsquo;agit d&rsquo;un projet de MAKEL MARBELLA CORREDURIA DE SEGUROS, S.L. dont le num\u00e9ro d&rsquo;identification [&hellip;]<\/p>\n","protected":false},"author":1,"featured_media":0,"parent":0,"menu_order":0,"comment_status":"closed","ping_status":"closed","template":"single4.php","meta":{"footnotes":""},"class_list":["post-1228","page","type-page","status-publish","hentry"],"_links":{"self":[{"href":"https:\/\/www.makelmarbella.com\/fr\/wp-json\/wp\/v2\/pages\/1228","targetHints":{"allow":["GET"]}}],"collection":[{"href":"https:\/\/www.makelmarbella.com\/fr\/wp-json\/wp\/v2\/pages"}],"about":[{"href":"https:\/\/www.makelmarbella.com\/fr\/wp-json\/wp\/v2\/types\/page"}],"author":[{"embeddable":true,"href":"https:\/\/www.makelmarbella.com\/fr\/wp-json\/wp\/v2\/users\/1"}],"replies":[{"embeddable":true,"href":"https:\/\/www.makelmarbella.com\/fr\/wp-json\/wp\/v2\/comments?post=1228"}],"version-history":[{"count":0,"href":"https:\/\/www.makelmarbella.com\/fr\/wp-json\/wp\/v2\/pages\/1228\/revisions"}],"wp:attachment":[{"href":"https:\/\/www.makelmarbella.com\/fr\/wp-json\/wp\/v2\/media?parent=1228"}],"curies":[{"name":"wp","href":"https:\/\/api.w.org\/{rel}","templated":true}]}}